{"id":1356,"date":"2018-09-22T13:11:40","date_gmt":"2018-09-22T13:11:40","guid":{"rendered":"http:\/\/vs-durach.de\/?page_id=1356"},"modified":"2022-02-25T13:10:09","modified_gmt":"2022-02-25T12:10:09","slug":"themenabende","status":"publish","type":"page","link":"https:\/\/vs-durach.de\/index.php\/schulprofil\/berufsorientierung\/themenabende\/","title":{"rendered":"Themenabende"},"content":{"rendered":"<h3><strong>Termine f\u00fcr 2022: Achtung alle abgesagt!!!<\/strong><\/h3>\n<ol>\n<li>Themenabend Dienstag, 15. M\u00e4rz 2022 -&gt; abgesagt!<\/li>\n<li>Themenabend Mittwoch, 23. M\u00e4rz 2022 -&gt; abgesagt!<\/li>\n<li>Themenabend Donnerstag, 31. M\u00e4rz 2022 -&gt; abgesagt!<\/li>\n<\/ol>\n","protected":false},"excerpt":{"rendered":"<p>Termine f\u00fcr 2022: Achtung alle abgesagt!!! Themenabend Dienstag, 15. M\u00e4rz 2022 -&gt; abgesagt! Themenabend Mittwoch, 23. M\u00e4rz 2022 -&gt; abgesagt! Themenabend Donnerstag, 31. M\u00e4rz 2022 -&gt; abgesagt!<\/p>\n","protected":false},"author":9,"featured_media":0,"parent":1339,"menu_order":0,"comment_status":"closed","ping_status":"closed","template":"","meta":{"neve_meta_sidebar":"","neve_meta_container":"","neve_meta_enable_content_width":"","neve_meta_content_width":0,"neve_meta_title_alignment":"","neve_meta_author_avatar":"","neve_post_elements_order":"","neve_meta_disable_header":"","neve_meta_disable_footer":"","neve_meta_disable_title":"","_themeisle_gutenberg_block_has_review":false,"footnotes":""},"class_list":["post-1356","page","type-page","status-publish","hentry"],"_links":{"self":[{"href":"https:\/\/vs-durach.de\/index.php\/wp-json\/wp\/v2\/pages\/1356","targetHints":{"allow":["GET"]}}],"collection":[{"href":"https:\/\/vs-durach.de\/index.php\/wp-json\/wp\/v2\/pages"}],"about":[{"href":"https:\/\/vs-durach.de\/index.php\/wp-json\/wp\/v2\/types\/page"}],"author":[{"embeddable":true,"href":"https:\/\/vs-durach.de\/index.php\/wp-json\/wp\/v2\/users\/9"}],"replies":[{"embeddable":true,"href":"https:\/\/vs-durach.de\/index.php\/wp-json\/wp\/v2\/comments?post=1356"}],"version-history":[{"count":16,"href":"https:\/\/vs-durach.de\/index.php\/wp-json\/wp\/v2\/pages\/1356\/revisions"}],"predecessor-version":[{"id":3664,"href":"https:\/\/vs-durach.de\/index.php\/wp-json\/wp\/v2\/pages\/1356\/revisions\/3664"}],"up":[{"embeddable":true,"href":"https:\/\/vs-durach.de\/index.php\/wp-json\/wp\/v2\/pages\/1339"}],"wp:attachment":[{"href":"https:\/\/vs-durach.de\/index.php\/wp-json\/wp\/v2\/media?parent=1356"}],"curies":[{"name":"wp","href":"https:\/\/api.w.org\/{rel}","templated":true}]}}