{"id":1410,"date":"2018-09-23T16:47:36","date_gmt":"2018-09-23T16:47:36","guid":{"rendered":"http:\/\/vs-durach.de\/?page_id=1410"},"modified":"2025-12-10T10:12:52","modified_gmt":"2025-12-10T09:12:52","slug":"essensangebote","status":"publish","type":"page","link":"https:\/\/vs-durach.de\/index.php\/schulleben\/essensangebote\/","title":{"rendered":"Essensangebote"},"content":{"rendered":"<p><img fetchpriority=\"high\" decoding=\"async\" src=\"https:\/\/vs-durach.de\/wp-content\/uploads\/2018\/05\/bistro-1-300x200.jpg\" sizes=\"(max-width: 300px) 100vw, 300px\" srcset=\"https:\/\/vs-durach.de\/wp-content\/uploads\/2018\/05\/bistro-1-300x200.jpg 300w, https:\/\/vs-durach.de\/wp-content\/uploads\/2018\/05\/bistro-1.jpg 640w\" alt=\"\" width=\"300\" height=\"200\" \/><\/p>\n<h3>Verkauf am Kiosk<\/h3>\n<p>Vor dem Unterricht und in der Pause werden Backwaren der B\u00e4ckerei Speiser angeboten.<\/p>\n<p>Am Wasserspender kann sich jedes Kind mit einer mitgebrachten Flasche selbst Wasser \u201eabzapfen\u201c.<\/p>\n<p>Im Bistro wird in der Zeit von 11:30 \u2013 13:45 Uhr den Sch\u00fclern warmes Mittagessen serviert.<br \/>\nGleichzeitig wird Brotzeit angeboten.<br \/>\nDas Mittagessen kostet f\u00fcr die<\/p>\n<ul>\n<li>4,00 \u20ac (Grundschule)<\/li>\n<li>4,60 \u20ac (Mittelschule)<\/li>\n<\/ul>\n<p>Die Essensbestellung f\u00fcr das Mittagessen erfolgt \u00fcber einen Kitafino-Chip, der im Sekretariat f\u00fcr 2 Euro Pfand erworben werden kann.<\/p>\n<p>Nach erfolgreicher Registrierung und Aufladung mit Guthaben kann bis 8.00 Uhr morgens bestellt und auch abbestellt werden. Es ist auch m\u00f6glich ein Dauerabo sowie vegetarisches oder schweinefleischfreies Essen zu buchen.<\/p>\n<p>N\u00e4here Informationen dazu bei\u00a0<a href=\"https:\/\/www.kitafino.de\/\" target=\"_blank\" rel=\"noopener\">Kitafino<\/a><\/p>\n","protected":false},"excerpt":{"rendered":"<p>Verkauf am Kiosk Vor dem Unterricht und in der Pause werden Backwaren der B\u00e4ckerei Speiser angeboten. Am Wasserspender kann sich jedes Kind mit einer mitgebrachten Flasche selbst Wasser \u201eabzapfen\u201c. Im Bistro wird in der Zeit von 11:30 \u2013 13:45 Uhr den Sch\u00fclern warmes Mittagessen serviert. Gleichzeitig wird Brotzeit angeboten. Das Mittagessen kostet f\u00fcr die 4,00&hellip;&nbsp;<a href=\"https:\/\/vs-durach.de\/index.php\/schulleben\/essensangebote\/\" rel=\"bookmark\">Weiterlesen &raquo;<span class=\"screen-reader-text\">Essensangebote<\/span><\/a><\/p>\n","protected":false},"author":9,"featured_media":1268,"parent":1404,"menu_order":0,"comment_status":"closed","ping_status":"closed","template":"","meta":{"neve_meta_sidebar":"","neve_meta_container":"","neve_meta_enable_content_width":"","neve_meta_content_width":0,"neve_meta_title_alignment":"","neve_meta_author_avatar":"","neve_post_elements_order":"","neve_meta_disable_header":"","neve_meta_disable_footer":"","neve_meta_disable_title":"","_themeisle_gutenberg_block_has_review":false,"footnotes":""},"class_list":["post-1410","page","type-page","status-publish","has-post-thumbnail","hentry"],"_links":{"self":[{"href":"https:\/\/vs-durach.de\/index.php\/wp-json\/wp\/v2\/pages\/1410","targetHints":{"allow":["GET"]}}],"collection":[{"href":"https:\/\/vs-durach.de\/index.php\/wp-json\/wp\/v2\/pages"}],"about":[{"href":"https:\/\/vs-durach.de\/index.php\/wp-json\/wp\/v2\/types\/page"}],"author":[{"embeddable":true,"href":"https:\/\/vs-durach.de\/index.php\/wp-json\/wp\/v2\/users\/9"}],"replies":[{"embeddable":true,"href":"https:\/\/vs-durach.de\/index.php\/wp-json\/wp\/v2\/comments?post=1410"}],"version-history":[{"count":21,"href":"https:\/\/vs-durach.de\/index.php\/wp-json\/wp\/v2\/pages\/1410\/revisions"}],"predecessor-version":[{"id":5234,"href":"https:\/\/vs-durach.de\/index.php\/wp-json\/wp\/v2\/pages\/1410\/revisions\/5234"}],"up":[{"embeddable":true,"href":"https:\/\/vs-durach.de\/index.php\/wp-json\/wp\/v2\/pages\/1404"}],"wp:featuredmedia":[{"embeddable":true,"href":"https:\/\/vs-durach.de\/index.php\/wp-json\/wp\/v2\/media\/1268"}],"wp:attachment":[{"href":"https:\/\/vs-durach.de\/index.php\/wp-json\/wp\/v2\/media?parent=1410"}],"curies":[{"name":"wp","href":"https:\/\/api.w.org\/{rel}","templated":true}]}}