{"id":1423,"date":"2018-09-23T16:55:22","date_gmt":"2018-09-23T16:55:22","guid":{"rendered":"http:\/\/vs-durach.de\/?page_id=1423"},"modified":"2020-09-03T12:34:32","modified_gmt":"2020-09-03T10:34:32","slug":"schulberatung","status":"publish","type":"page","link":"https:\/\/vs-durach.de\/index.php\/hilfe-und-beratung\/schulberatung\/","title":{"rendered":"Schulberatung"},"content":{"rendered":"\t\t<div data-elementor-type=\"wp-post\" data-elementor-id=\"1423\" class=\"elementor elementor-1423\">\n\t\t\t\t\t\t<section class=\"elementor-section elementor-top-section elementor-element elementor-element-793b0ae elementor-section-boxed elementor-section-height-default elementor-section-height-default\" data-id=\"793b0ae\" data-element_type=\"section\" data-e-type=\"section\">\n\t\t\t\t\t\t<div class=\"elementor-container elementor-column-gap-default\">\n\t\t\t\t\t<div class=\"elementor-column elementor-col-100 elementor-top-column elementor-element elementor-element-b728bf4\" data-id=\"b728bf4\" data-element_type=\"column\" data-e-type=\"column\">\n\t\t\t<div class=\"elementor-widget-wrap elementor-element-populated\">\n\t\t\t\t\t\t<div class=\"elementor-element elementor-element-67cce48 elementor-widget elementor-widget-text-editor\" data-id=\"67cce48\" data-element_type=\"widget\" data-e-type=\"widget\" data-widget_type=\"text-editor.default\">\n\t\t\t\t<div class=\"elementor-widget-container\">\n\t\t\t\t\t\t\t\t\t<h2><span style=\"text-decoration: underline;\">Zust\u00e4ndig f\u00fcr unsere Grund- und Mittelschule:<\/span><\/h2><header><h3>Metz Regine, L<\/h3><\/header><p>E-Mail: regine.metz@schulamt-oalike.de<br \/>Tel:\u00a0 0831\/5401101<\/p><p><span style=\"font-size: 1.6rem;\">Fax: 0831\/5401122<\/span><\/p><p>Sprechstunde:<\/p><p><strong>Schulanschrift:<\/strong><br \/>Mittelschule an der Hofm\u00fchle<br \/>Westendstr. 29<br \/>87439 Kempten<\/p><p>\u00a0<\/p>\t\t\t\t\t\t\t\t<\/div>\n\t\t\t\t<\/div>\n\t\t\t\t\t<\/div>\n\t\t<\/div>\n\t\t\t\t\t<\/div>\n\t\t<\/section>\n\t\t\t\t<section class=\"elementor-section elementor-top-section elementor-element elementor-element-b9f4543 elementor-section-boxed elementor-section-height-default elementor-section-height-default\" data-id=\"b9f4543\" data-element_type=\"section\" data-e-type=\"section\">\n\t\t\t\t\t\t<div class=\"elementor-container elementor-column-gap-default\">\n\t\t\t\t\t<div class=\"elementor-column elementor-col-100 elementor-top-column elementor-element elementor-element-6eff112\" data-id=\"6eff112\" data-element_type=\"column\" data-e-type=\"column\">\n\t\t\t<div class=\"elementor-widget-wrap elementor-element-populated\">\n\t\t\t\t\t\t<div class=\"elementor-element elementor-element-8fe2968 elementor-widget elementor-widget-text-editor\" data-id=\"8fe2968\" data-element_type=\"widget\" data-e-type=\"widget\" data-widget_type=\"text-editor.default\">\n\t\t\t\t<div class=\"elementor-widget-container\">\n\t\t\t\t\t\t\t\t\t<div id=\"seitenheadline\"><h3><strong>Was ist staatliche Schulberatung?\u00a0<\/strong><\/h3><\/div><div id=\"contentspalte_23_links\"><div class=\"box leer\"><p>Die Schulberatung in Bayern bietet Sch\u00fclern, Eltern und Lehrern qualifizierte Ansprechpartner an den Schulen:<\/p><ul class=\"pfeile\"><li>Beratungslehrkr\u00e4fte<\/li><li>Schulpsychologen<\/li><li>Die neun regionalen staatlichen Schulberatungsstellen<\/li><\/ul><p>Die Schulberatung ist neutral, kostenfrei und vertraulich. Alle Mitarbeiter der Schulberatung sind freundlich, unvoreingenommen, geduldig, verschwiegen, zuverl\u00e4ssig und kompetent. <br \/><strong><br \/>Wir sind<\/strong><\/p><\/div><div class=\"box blau\"><p>\u2022 Beratungslehrkr\u00e4fte und Schulpsychologen mit abgeschlossenem Universit\u00e4tsstudium<br \/>\u2022 Gleichzeitig erfahrene Lehrkr\u00e4fte in den verschiedenen Schularten<br \/>\u2022 Experten f\u00fcr Fragen des Schulsystems und f\u00fcr p\u00e4dagogisch-psychologische Problemstellungen<br \/>\u2022 Teams mit verschiedenen beratungs- relevanten Zusatzqualifikationen<br \/><br \/><strong>Wir beraten<\/strong><\/p><p>\u2022 Wir arbeiten auf der Basis wissenschaftlicher Theorien und Modelle<br \/>\u2022 Wir beachten die Freiwilligkeit und Selbstbestimmung der Ratsuchenden<br \/>\u2022 Wir geben Hilfe zur Selbsthilfe<br \/>\u2022 Wir bem\u00fchen uns um Allparteilichkeit, Unvoreingenommenheit und Ergebnisoffenheit<br \/>\u2022 Wir achten auf unsere eigene Kompetenzsicherung und Qualit\u00e4tsentwicklung<br \/><strong><br \/>Eltern, Sch\u00fclerinnen und Sch\u00fcler<\/strong><\/p><\/div><div class=\"box hellblau\"><p>\u2022 bei Lern- und Leistungsschwierigkeiten<br \/>\u2022 bei Verhaltensproblemen<br \/>\u2022 bei Fragen zur Schullaufbahn<br \/>\u2022 bei der Studien- und Berufswahlorientierung<br \/>\u2022 bei Fragen zu besonderen Begabungen<br \/>\u2022 bei schulischen Konflikten<br \/>\u2022 bei der Suche nach au\u00dferschulischer Beratung und Unterst\u00fctzung<br \/><br \/><strong>Schule und Lehrkr\u00e4fte<\/strong><\/p><p>\u2022 Schulart\u00fcbergreifende Fragestellungen<br \/>\u2022 Lehrergesundheit<br \/>\u2022 Supervision und Coaching<br \/>\u2022 Unterst\u00fctzung von Schulentwicklung<br \/>\u2022 Fortbildung<br \/>\u2022 Moderation und Mediation bei Konflikten<br \/>\u2022 Krisenpr\u00e4vention<br \/><br \/><strong>Beratungslehrkr\u00e4fte, Schulpsychologinnen und -psychologen<\/strong><\/p><p>\u2022 Fachliche Betreuung<br \/>\u2022 Dienstbesprechungen<br \/>\u2022 Fortbildung<br \/>\u2022 Supervision und Beratung<br \/>\u2022 Qualit\u00e4tssicherung und Qualit\u00e4tsentwicklung<br \/>\u2022 Vernetzung<br \/>\u2022 Mitwirkung bei der Ausbildung und Weiterbildung<\/p><\/div><\/div>\t\t\t\t\t\t\t\t<\/div>\n\t\t\t\t<\/div>\n\t\t\t\t\t<\/div>\n\t\t<\/div>\n\t\t\t\t\t<\/div>\n\t\t<\/section>\n\t\t\t\t<\/div>\n\t\t","protected":false},"excerpt":{"rendered":"<p>Zust\u00e4ndig f\u00fcr unsere Grund- und Mittelschule: Metz Regine, L E-Mail: regine.metz@schulamt-oalike.deTel:\u00a0 0831\/5401101 Fax: 0831\/5401122 Sprechstunde: Schulanschrift:Mittelschule an der Hofm\u00fchleWestendstr. 2987439 Kempten \u00a0 Was ist staatliche Schulberatung?\u00a0 Die Schulberatung in Bayern bietet Sch\u00fclern, Eltern und Lehrern qualifizierte Ansprechpartner an den Schulen: Beratungslehrkr\u00e4fte Schulpsychologen Die neun regionalen staatlichen Schulberatungsstellen Die Schulberatung ist neutral, kostenfrei und vertraulich. Alle&hellip;&nbsp;<a href=\"https:\/\/vs-durach.de\/index.php\/hilfe-und-beratung\/schulberatung\/\" rel=\"bookmark\">Weiterlesen &raquo;<span class=\"screen-reader-text\">Schulberatung<\/span><\/a><\/p>\n","protected":false},"author":9,"featured_media":0,"parent":1421,"menu_order":0,"comment_status":"closed","ping_status":"closed","template":"","meta":{"neve_meta_sidebar":"","neve_meta_container":"","neve_meta_enable_content_width":"","neve_meta_content_width":0,"neve_meta_title_alignment":"","neve_meta_author_avatar":"","neve_post_elements_order":"","neve_meta_disable_header":"","neve_meta_disable_footer":"","neve_meta_disable_title":"","_themeisle_gutenberg_block_has_review":false,"footnotes":""},"class_list":["post-1423","page","type-page","status-publish","hentry"],"_links":{"self":[{"href":"https:\/\/vs-durach.de\/index.php\/wp-json\/wp\/v2\/pages\/1423","targetHints":{"allow":["GET"]}}],"collection":[{"href":"https:\/\/vs-durach.de\/index.php\/wp-json\/wp\/v2\/pages"}],"about":[{"href":"https:\/\/vs-durach.de\/index.php\/wp-json\/wp\/v2\/types\/page"}],"author":[{"embeddable":true,"href":"https:\/\/vs-durach.de\/index.php\/wp-json\/wp\/v2\/users\/9"}],"replies":[{"embeddable":true,"href":"https:\/\/vs-durach.de\/index.php\/wp-json\/wp\/v2\/comments?post=1423"}],"version-history":[{"count":8,"href":"https:\/\/vs-durach.de\/index.php\/wp-json\/wp\/v2\/pages\/1423\/revisions"}],"predecessor-version":[{"id":2941,"href":"https:\/\/vs-durach.de\/index.php\/wp-json\/wp\/v2\/pages\/1423\/revisions\/2941"}],"up":[{"embeddable":true,"href":"https:\/\/vs-durach.de\/index.php\/wp-json\/wp\/v2\/pages\/1421"}],"wp:attachment":[{"href":"https:\/\/vs-durach.de\/index.php\/wp-json\/wp\/v2\/media?parent=1423"}],"curies":[{"name":"wp","href":"https:\/\/api.w.org\/{rel}","templated":true}]}}